{"id":3044,"date":"2024-12-29T12:52:03","date_gmt":"2024-12-29T12:52:03","guid":{"rendered":"https:\/\/gestacy.com\/?page_id=3044"},"modified":"2025-05-13T14:43:46","modified_gmt":"2025-05-13T14:43:46","slug":"politica-de-cookies","status":"publish","type":"page","link":"https:\/\/gestacy.com\/es\/politica-de-cookies\/","title":{"rendered":"POL\u00cdTICA DE COOKIES"},"content":{"rendered":"\t\t<div data-elementor-type=\"wp-page\" data-elementor-id=\"3044\" class=\"elementor elementor-3044\" data-elementor-settings=\"{&quot;ha_cmc_init_switcher&quot;:&quot;no&quot;}\" data-elementor-post-type=\"page\">\n\t\t\t\t\t\t<section class=\"ob-is-breaking-bad elementor-section elementor-top-section elementor-element elementor-element-16e98452 elementor-section-content-middle elementor-section-boxed elementor-section-height-default elementor-section-height-default\" data-id=\"16e98452\" data-element_type=\"section\" data-e-type=\"section\" data-settings=\"{&quot;background_background&quot;:&quot;classic&quot;,&quot;shape_divider_bottom&quot;:&quot;mountains&quot;,&quot;_ob_bbad_use_it&quot;:&quot;yes&quot;,&quot;_ob_bbad_sssic_use&quot;:&quot;no&quot;,&quot;_ob_glider_is_slider&quot;:&quot;no&quot;,&quot;_ha_eqh_enable&quot;:false}\">\n\t\t\t\t\t\t\t<div class=\"elementor-background-overlay\"><\/div>\n\t\t\t\t\t\t<div class=\"elementor-shape elementor-shape-bottom\" aria-hidden=\"true\" data-negative=\"false\">\n\t\t\t<svg xmlns=\"http:\/\/www.w3.org\/2000\/svg\" viewBox=\"0 0 1000 100\" preserveAspectRatio=\"none\">\n\t<path class=\"elementor-shape-fill\" opacity=\"0.33\" d=\"M473,67.3c-203.9,88.3-263.1-34-320.3,0C66,119.1,0,59.7,0,59.7V0h1000v59.7 c0,0-62.1,26.1-94.9,29.3c-32.8,3.3-62.8-12.3-75.8-22.1C806,49.6,745.3,8.7,694.9,4.7S492.4,59,473,67.3z\"\/>\n\t<path class=\"elementor-shape-fill\" opacity=\"0.66\" d=\"M734,67.3c-45.5,0-77.2-23.2-129.1-39.1c-28.6-8.7-150.3-10.1-254,39.1 s-91.7-34.4-149.2,0C115.7,118.3,0,39.8,0,39.8V0h1000v36.5c0,0-28.2-18.5-92.1-18.5C810.2,18.1,775.7,67.3,734,67.3z\"\/>\n\t<path class=\"elementor-shape-fill\" d=\"M766.1,28.9c-200-57.5-266,65.5-395.1,19.5C242,1.8,242,5.4,184.8,20.6C128,35.8,132.3,44.9,89.9,52.5C28.6,63.7,0,0,0,0 h1000c0,0-9.9,40.9-83.6,48.1S829.6,47,766.1,28.9z\"\/>\n<\/svg>\t\t<\/div>\n\t\t\t\t\t<div class=\"elementor-container elementor-column-gap-default\">\n\t\t\t\t\t<div class=\"elementor-column elementor-col-50 elementor-top-column elementor-element elementor-element-64cc42f7\" data-id=\"64cc42f7\" data-element_type=\"column\" data-e-type=\"column\" data-settings=\"{&quot;_ob_bbad_is_stalker&quot;:&quot;no&quot;}\">\n\t\t\t<div class=\"elementor-widget-wrap elementor-element-populated\">\n\t\t\t\t\t\t<div class=\"elementor-element elementor-element-71e1c985 elementor-widget__width-initial animated-slow elementor-invisible elementor-widget elementor-widget-heading\" data-id=\"71e1c985\" data-element_type=\"widget\" data-e-type=\"widget\" data-settings=\"{&quot;_animation&quot;:&quot;fadeInDown&quot;,&quot;_animation_delay&quot;:700}\" data-widget_type=\"heading.default\">\n\t\t\t\t<div class=\"elementor-widget-container\">\n\t\t\t\t\t<h2 class=\"elementor-heading-title elementor-size-default\"> Pol\u00edtica de cookies  <\/h2>\t\t\t\t<\/div>\n\t\t\t\t<\/div>\n\t\t\t\t<div class=\"elementor-element elementor-element-7f3f2354 elementor-widget elementor-widget-spacer\" data-id=\"7f3f2354\" data-element_type=\"widget\" data-e-type=\"widget\" data-widget_type=\"spacer.default\">\n\t\t\t\t<div class=\"elementor-widget-container\">\n\t\t\t\t\t\t\t<div class=\"elementor-spacer\">\n\t\t\t<div class=\"elementor-spacer-inner\"><\/div>\n\t\t<\/div>\n\t\t\t\t\t\t<\/div>\n\t\t\t\t<\/div>\n\t\t\t\t<div class=\"elementor-element elementor-element-fc42f20 elementor-fixed elementor-invisible elementor-widget elementor-widget-image\" data-id=\"fc42f20\" data-element_type=\"widget\" data-e-type=\"widget\" data-settings=\"{&quot;_position&quot;:&quot;fixed&quot;,&quot;_animation&quot;:&quot;fadeInUp&quot;}\" data-widget_type=\"image.default\">\n\t\t\t\t<div class=\"elementor-widget-container\">\n\t\t\t\t\t\t\t\t\t\t\t\t\t\t\t\t<a href=\"https:\/\/wa.me\/5215657198097\" target=\"_blank\">\n\t\t\t\t\t\t\t<img loading=\"lazy\" decoding=\"async\" width=\"400\" height=\"400\" src=\"https:\/\/gestacy.com\/wp-content\/uploads\/2025\/05\/whatsapp-icon-free-png.webp\" class=\"attachment-large size-large wp-image-6052\" alt=\"whatsapp icon free png\" srcset=\"https:\/\/gestacy.com\/wp-content\/uploads\/2025\/05\/whatsapp-icon-free-png.webp 400w, https:\/\/gestacy.com\/wp-content\/uploads\/2025\/05\/whatsapp-icon-free-png-300x300.webp 300w, https:\/\/gestacy.com\/wp-content\/uploads\/2025\/05\/whatsapp-icon-free-png-150x150.webp 150w\" sizes=\"auto, (max-width: 400px) 100vw, 400px\" \/>\t\t\t\t\t\t\t\t<\/a>\n\t\t\t\t\t\t\t\t\t\t\t\t\t\t\t<\/div>\n\t\t\t\t<\/div>\n\t\t\t\t\t<\/div>\n\t\t<\/div>\n\t\t\t\t<div class=\"elementor-column elementor-col-50 elementor-top-column elementor-element elementor-element-96e4a73\" data-id=\"96e4a73\" data-element_type=\"column\" data-e-type=\"column\" data-settings=\"{&quot;_ob_bbad_is_stalker&quot;:&quot;no&quot;}\">\n\t\t\t<div class=\"elementor-widget-wrap\">\n\t\t\t\t\t\t\t<\/div>\n\t\t<\/div>\n\t\t\t\t\t<\/div>\n\t\t<\/section>\n\t\t\t\t<section class=\"ob-is-breaking-bad elementor-section elementor-top-section elementor-element elementor-element-64a9e7b4 elementor-section-boxed elementor-section-height-default elementor-section-height-default\" data-id=\"64a9e7b4\" data-element_type=\"section\" data-e-type=\"section\" data-settings=\"{&quot;_ob_bbad_use_it&quot;:&quot;yes&quot;,&quot;_ob_bbad_sssic_use&quot;:&quot;no&quot;,&quot;_ob_glider_is_slider&quot;:&quot;no&quot;,&quot;_ha_eqh_enable&quot;:false}\">\n\t\t\t\t\t\t<div class=\"elementor-container elementor-column-gap-default\">\n\t\t\t\t\t<div class=\"elementor-column elementor-col-100 elementor-top-column elementor-element elementor-element-21d02eea\" data-id=\"21d02eea\" data-element_type=\"column\" data-e-type=\"column\" data-settings=\"{&quot;_ob_bbad_is_stalker&quot;:&quot;no&quot;}\">\n\t\t\t<div class=\"elementor-widget-wrap elementor-element-populated\">\n\t\t\t\t\t\t<div class=\"elementor-element elementor-element-2a0abc2b elementor-widget elementor-widget-text-editor\" data-id=\"2a0abc2b\" data-element_type=\"widget\" data-e-type=\"widget\" data-widget_type=\"text-editor.default\">\n\t\t\t\t<div class=\"elementor-widget-container\">\n\t\t\t\t\t\t\t\t\t<p class=\"p1\"><b>\u00bfQu\u00e9 son las cookies?<\/b><\/p><p class=\"p1\">Una cookie es un peque\u00f1o fichero de letras y cifras que se almacena en el navegador del usuario al acceder a determinadas p\u00e1ginas web. La utilizaci\u00f3n del concepto \u201ccookie\u201d en esta pol\u00edtica tambi\u00e9n se refiere a tecnolog\u00edas similares que permiten almacenar datos y recuperar los mismos en un dispositivo, por ejemplo Local Shared Objects (o Flash Cookies) y Web Beacons (o Bugs).<\/p><p class=\"p1\">Las cookies pueden ser de \u201csesi\u00f3n\u201d, las cuales se eliminar\u00e1n al terminar la sesi\u00f3n con el sitio web, o \u201cpersistentes\u201d que permanecer\u00e1n en su ordenador durante un periodo de tiempo determinado definido por el responsable de la cookie.<\/p><p class=\"p1\">Asimismo las cookies pueden ser propias cuando se gestionen en el dominio al que accede el usuario para solicitar el servicio, o de terceros, que ser\u00e1n enviadas al equipo del usuario desde un dominio diferente a aquel al que accedi\u00f3.<\/p><p class=\"p1\"><b>\u00bfQu\u00e9 tipo de cookies utiliza esta web?<\/b><\/p><p class=\"p1\">Esta web almacena tanto cookies propias como de terceros con el objetivo de adaptar los contenidos a sus intereses y facilitar su navegaci\u00f3n.<\/p><p class=\"p1\"><b>Cookies propias<\/b><\/p><p class=\"p3\">Cookies t\u00e9cnicas: tienen el objetivo de controlar el tr\u00e1fico y la comunicaci\u00f3n correcta de datos, mantener la configuraci\u00f3n, identificar sesiones de navegaci\u00f3n (que los servidores reconozcan, a pesar de pasar de una p\u00e1gina a otra, que se trata de la misma sesi\u00f3n de navegaci\u00f3n de un usuario), acceder a partes de acceso restringido, utilizar elementos de seguridad durante la navegaci\u00f3n, etc. Sin ellas, la navegaci\u00f3n no ser\u00eda coherente. Estas cookies son de sesi\u00f3n.<\/p><p class=\"p3\">Cookies funcionales:son aqu\u00e9llas que registran informaci\u00f3n sobre opciones del usuario permitiendo adaptar el sitio web (preferencias de idioma, navegador a trav\u00e9s del que se accede al servicio, configuraci\u00f3n regional, etc.). Estas cookies son de sesi\u00f3n y persistentes.<\/p><p class=\"p2\">\u00a0<\/p><p class=\"p1\"><b><span class=\"Apple-converted-space\">\u00a0 \u00a0 \u00a0 \u00a0 \u00a0 \u00a0 \u00a0 \u00a0 \u00a0 \u00a0 \u00a0 \u00a0 \u00a0 \u00a0 \u00a0 \u00a0 \u00a0 \u00a0 \u00a0 \u00a0 \u00a0 \u00a0 \u00a0 \u00a0 \u00a0 \u00a0 \u00a0 \u00a0 \u00a0 \u00a0 \u00a0 \u00a0 \u00a0 \u00a0 \u00a0 \u00a0 <\/span>Cookies de terceros<\/b><\/p><p class=\"p1\">El presente website recoge informaci\u00f3n estad\u00edstica del usuario mediante el almacenamiento de cookies en el disco duro del visitante. Para recabar dicha informaci\u00f3n y someterla a un tratamiento estad\u00edstico para Galicia Abogados, S.C., se podr\u00e1n utilizar los servicios de Google Analytics; ello implica que la recogida y almacenamiento de la indicada informaci\u00f3n (en adelante, los procedimientos) se realizan mediante \u201ccookies\u201d directamente entre el navegador del usuario y el servidor de Google Analytics. Cuando el usuario se conecte nuevamente con el presente website, el citado servidor reconocer\u00e1 el n\u00famero almacenado en \u201ccookie\u201d, seg\u00fan se ha indicado, suministrando la informaci\u00f3n an\u00f3nima referida.<\/p><p class=\"p1\">Los procedimientos est\u00e1n gestionados y controlados exclusivamente por Google Analytics.<\/p><p class=\"p1\">Si desea conocer la declaracion de privacidad y politicas de Google Analytics puede hacerlo en la siguiente direcci\u00f3n:<\/p><p class=\"p1\">HYPERLINK &#8220;https:\/\/support.google.com\/analytics\/answer\/6004245?hl=es&#8221;<span class=\"s1\">https:\/\/support.google.com\/analytics\/answer\/6004245?hl=es<\/span><\/p><p class=\"p1\"><b>Cookies susceptibles de identificar al usuario<\/b><\/p><p class=\"p1\">Esta p\u00e1gina web podr\u00e1 utilizar cookies de an\u00e1lisis de terceros que guardan datos susceptibles de identificar al usuario, como pudiera ser la direcci\u00f3n IP del terminal del usuario que hace la visita. No obstante, en el caso de las cookies de este sitio web, dichos datos no se utilizan para identificar al usuario. \u00danicamente se almacenan de forma agregada y an\u00f3nima con el prop\u00f3sito de realizar an\u00e1lisis estrictamente estad\u00edsticos sobre el n\u00famero de visitantes y los contenidos m\u00e1s visitados, y as\u00ed mejorar el sitio web y aumentar la efectividad de su presencia online.<\/p><p class=\"p1\"><b>\u00bfC\u00f3mo puedo revocar el consentimiento para uso de cookies? \u00bfC\u00f3mo puedo desactivar las cookies?<\/b><\/p><p class=\"p1\">El usuario puede en cualquier momento revocar el consentimiento para el uso de cookies mediante su desactivaci\u00f3n o borrado, a trav\u00e9s de las opciones de privacidad\/seguridad de su navegador.<\/p><p class=\"p5\">Internet Explore: HYPERLINK &#8220;https:\/\/support.microsoft.com\/es-es\/windows\/administrar-cookies-en-microsoft-edge-ver-permitir-bloquear-eliminar-y-usar-168dab11-0753-043d-7c16-ede5947fc64d&#8221;<span class=\"s1\">https:\/\/support.microsoft.com\/es-es\/windows\/administrar-cookies-en-microsoft-edge-ver-permitir-bloquear-eliminar-y-usar-168dab11-0753-043d-7c16-ede5947fc64d<\/span><\/p><p class=\"p5\">Mozilla Firefox: HYPERLINK &#8220;https:\/\/support.mozilla.org\/es\/kb\/habilitar-y-deshabilitar-cookies-sitios-web-rastrear-preferencias?redirectslug=habilitar-y-deshabilitar-cookies-que-los-sitios-we&amp;redirectlocale=es&#8221;<span class=\"s1\">https:\/\/support.mozilla.org\/es\/kb\/habilitar-y-deshabilitar-cookies-sitios-web-rastrear-preferencias?redirectslug=habilitar-y-deshabilitar-cookies-que-los-sitios-we&amp;redirectlocale=es<\/span><\/p><p class=\"p5\">Google Chrome: HYPERLINK &#8220;https:\/\/support.google.com\/chrome\/answer\/95647?hl=es&#8221;<span class=\"s1\">https:\/\/support.google.com\/chrome\/answer\/95647?hl=es<\/span><\/p><p class=\"p5\">Safari: HYPERLINK &#8220;https:\/\/support.apple.com\/es-es\/105082&#8221;<span class=\"s1\">https:\/\/support.apple.com\/es-es\/105082<\/span><\/p><p class=\"p1\">Si usted borra o desactiva las cookies, es posible que algunas funciones del presente sitio web no est\u00e9n disponibles para su utilizaci\u00f3n o que su funcionamiento no sea \u00f3ptimo.<\/p>\t\t\t\t\t\t\t\t<\/div>\n\t\t\t\t<\/div>\n\t\t\t\t\t<\/div>\n\t\t<\/div>\n\t\t\t\t\t<\/div>\n\t\t<\/section>\n\t\t\t\t<\/div>\n\t\t","protected":false},"excerpt":{"rendered":"<p>Pol\u00edtica de cookies \u00bfQu\u00e9 son las cookies? Una cookie es un peque\u00f1o fichero de letras y cifras que se almacena [&hellip;]<\/p>\n","protected":false},"author":1,"featured_media":0,"parent":0,"menu_order":0,"comment_status":"closed","ping_status":"closed","template":"elementor_header_footer","meta":{"content-type":"","site-sidebar-layout":"no-sidebar","site-content-layout":"","ast-site-content-layout":"full-width-container","site-content-style":"default","site-sidebar-style":"default","ast-global-header-display":"","ast-banner-title-visibility":"","ast-main-header-display":"","ast-hfb-above-header-display":"","ast-hfb-below-header-display":"","ast-hfb-mobile-header-display":"","site-post-title":"disabled","ast-breadcrumbs-content":"","ast-featured-img":"disabled","footer-sml-layout":"","ast-disable-related-posts":"","theme-transparent-header-meta":"","adv-header-id-meta":"","stick-header-meta":"","header-above-stick-meta":"","header-main-stick-meta":"","header-below-stick-meta":"","astra-migrate-meta-layouts":"default","ast-page-background-enabled":"default","ast-page-background-meta":{"desktop":{"background-color":"var(--ast-global-color-4)","background-image":"","background-repeat":"repeat","background-position":"center center","background-size":"auto","background-attachment":"scroll","background-type":"","background-media":"","overlay-type":"","overlay-color":"","overlay-opacity":"","overlay-gradient":""},"tablet":{"background-color":"","background-image":"","background-repeat":"repeat","background-position":"center center","background-size":"auto","background-attachment":"scroll","background-type":"","background-media":"","overlay-type":"","overlay-color":"","overlay-opacity":"","overlay-gradient":""},"mobile":{"background-color":"","background-image":"","background-repeat":"repeat","background-position":"center center","background-size":"auto","background-attachment":"scroll","background-type":"","background-media":"","overlay-type":"","overlay-color":"","overlay-opacity":"","overlay-gradient":""}},"ast-content-background-meta":{"desktop":{"background-color":"var(--ast-global-color-5)","background-image":"","background-repeat":"repeat","background-position":"center center","background-size":"auto","background-attachment":"scroll","background-type":"","background-media":"","overlay-type":"","overlay-color":"","overlay-opacity":"","overlay-gradient":""},"tablet":{"background-color":"var(--ast-global-color-5)","background-image":"","background-repeat":"repeat","background-position":"center center","background-size":"auto","background-attachment":"scroll","background-type":"","background-media":"","overlay-type":"","overlay-color":"","overlay-opacity":"","overlay-gradient":""},"mobile":{"background-color":"var(--ast-global-color-5)","background-image":"","background-repeat":"repeat","background-position":"center center","background-size":"auto","background-attachment":"scroll","background-type":"","background-media":"","overlay-type":"","overlay-color":"","overlay-opacity":"","overlay-gradient":""}},"footnotes":""},"class_list":["post-3044","page","type-page","status-publish","hentry"],"yoast_head":"<!-- This site is optimized with the Yoast SEO Premium plugin v24.9 (Yoast SEO v27.3) - https:\/\/yoast.com\/product\/yoast-seo-premium-wordpress\/ -->\n<title>POL\u00cdTICA DE COOKIES - Gestacy<\/title>\n<meta name=\"robots\" content=\"noindex, nofollow\" \/>\n<meta property=\"og:locale\" content=\"es_ES\" \/>\n<meta property=\"og:type\" content=\"article\" \/>\n<meta property=\"og:title\" content=\"POL\u00cdTICA DE COOKIES\" \/>\n<meta property=\"og:description\" content=\"Pol\u00edtica de cookies \u00bfQu\u00e9 son las cookies? Una cookie es un peque\u00f1o fichero de letras y cifras que se almacena [&hellip;]\" \/>\n<meta property=\"og:url\" content=\"https:\/\/gestacy.com\/es\/politica-de-cookies\/\" \/>\n<meta property=\"og:site_name\" content=\"Gestacy\" \/>\n<meta property=\"article:modified_time\" content=\"2025-05-13T14:43:46+00:00\" \/>\n<meta property=\"og:image\" content=\"https:\/\/gestacy.com\/wp-content\/uploads\/2025\/05\/whatsapp-icon-free-png.webp\" \/>\n\t<meta property=\"og:image:width\" content=\"400\" \/>\n\t<meta property=\"og:image:height\" content=\"400\" \/>\n\t<meta property=\"og:image:type\" content=\"image\/webp\" \/>\n<meta name=\"twitter:card\" content=\"summary_large_image\" \/>\n<meta name=\"twitter:label1\" content=\"Est. reading time\" \/>\n\t<meta name=\"twitter:data1\" content=\"4 minutes\" \/>\n<script type=\"application\/ld+json\" class=\"yoast-schema-graph\">{\"@context\":\"https:\\\/\\\/schema.org\",\"@graph\":[{\"@type\":\"WebPage\",\"@id\":\"https:\\\/\\\/gestacy.com\\\/es\\\/politica-de-cookies\\\/\",\"url\":\"https:\\\/\\\/gestacy.com\\\/es\\\/politica-de-cookies\\\/\",\"name\":\"POL\u00cdTICA DE COOKIES - Gestacy\",\"isPartOf\":{\"@id\":\"https:\\\/\\\/gestacy.com\\\/es\\\/#website\"},\"primaryImageOfPage\":{\"@id\":\"https:\\\/\\\/gestacy.com\\\/es\\\/politica-de-cookies\\\/#primaryimage\"},\"image\":{\"@id\":\"https:\\\/\\\/gestacy.com\\\/es\\\/politica-de-cookies\\\/#primaryimage\"},\"thumbnailUrl\":\"https:\\\/\\\/gestacy.com\\\/wp-content\\\/uploads\\\/2025\\\/05\\\/whatsapp-icon-free-png.webp\",\"datePublished\":\"2024-12-29T12:52:03+00:00\",\"dateModified\":\"2025-05-13T14:43:46+00:00\",\"breadcrumb\":{\"@id\":\"https:\\\/\\\/gestacy.com\\\/es\\\/politica-de-cookies\\\/#breadcrumb\"},\"inLanguage\":\"es-MX\",\"potentialAction\":[{\"@type\":\"ReadAction\",\"target\":[\"https:\\\/\\\/gestacy.com\\\/es\\\/politica-de-cookies\\\/\"]}]},{\"@type\":\"ImageObject\",\"inLanguage\":\"es-MX\",\"@id\":\"https:\\\/\\\/gestacy.com\\\/es\\\/politica-de-cookies\\\/#primaryimage\",\"url\":\"https:\\\/\\\/gestacy.com\\\/wp-content\\\/uploads\\\/2025\\\/05\\\/whatsapp-icon-free-png.webp\",\"contentUrl\":\"https:\\\/\\\/gestacy.com\\\/wp-content\\\/uploads\\\/2025\\\/05\\\/whatsapp-icon-free-png.webp\"},{\"@type\":\"BreadcrumbList\",\"@id\":\"https:\\\/\\\/gestacy.com\\\/es\\\/politica-de-cookies\\\/#breadcrumb\",\"itemListElement\":[{\"@type\":\"ListItem\",\"position\":1,\"name\":\"Home\",\"item\":\"https:\\\/\\\/gestacy.com\\\/es\\\/\"},{\"@type\":\"ListItem\",\"position\":2,\"name\":\"POL\u00cdTICA DE COOKIES\"}]},{\"@type\":\"WebSite\",\"@id\":\"https:\\\/\\\/gestacy.com\\\/es\\\/#website\",\"url\":\"https:\\\/\\\/gestacy.com\\\/es\\\/\",\"name\":\"Gestacy\",\"description\":\"\",\"publisher\":{\"@id\":\"https:\\\/\\\/gestacy.com\\\/es\\\/#organization\"},\"potentialAction\":[{\"@type\":\"SearchAction\",\"target\":{\"@type\":\"EntryPoint\",\"urlTemplate\":\"https:\\\/\\\/gestacy.com\\\/es\\\/?s={search_term_string}\"},\"query-input\":{\"@type\":\"PropertyValueSpecification\",\"valueRequired\":true,\"valueName\":\"search_term_string\"}}],\"inLanguage\":\"es-MX\"},{\"@type\":\"Organization\",\"@id\":\"https:\\\/\\\/gestacy.com\\\/es\\\/#organization\",\"name\":\"Gestacy\",\"url\":\"https:\\\/\\\/gestacy.com\\\/es\\\/\",\"logo\":{\"@type\":\"ImageObject\",\"inLanguage\":\"es-MX\",\"@id\":\"https:\\\/\\\/gestacy.com\\\/es\\\/#\\\/schema\\\/logo\\\/image\\\/\",\"url\":\"https:\\\/\\\/gestacy.com\\\/wp-content\\\/uploads\\\/2024\\\/10\\\/Gestacy_logo_01.svg\",\"contentUrl\":\"https:\\\/\\\/gestacy.com\\\/wp-content\\\/uploads\\\/2024\\\/10\\\/Gestacy_logo_01.svg\",\"width\":193,\"height\":65,\"caption\":\"Gestacy\"},\"image\":{\"@id\":\"https:\\\/\\\/gestacy.com\\\/es\\\/#\\\/schema\\\/logo\\\/image\\\/\"}}]}<\/script>\n<!-- \/ Yoast SEO Premium plugin. -->","yoast_head_json":{"title":"POL\u00cdTICA DE COOKIES - Gestacy","robots":{"index":"noindex","follow":"nofollow"},"og_locale":"es_ES","og_type":"article","og_title":"POL\u00cdTICA DE COOKIES","og_description":"Pol\u00edtica de cookies \u00bfQu\u00e9 son las cookies? Una cookie es un peque\u00f1o fichero de letras y cifras que se almacena [&hellip;]","og_url":"https:\/\/gestacy.com\/es\/politica-de-cookies\/","og_site_name":"Gestacy","article_modified_time":"2025-05-13T14:43:46+00:00","og_image":[{"width":400,"height":400,"url":"https:\/\/gestacy.com\/wp-content\/uploads\/2025\/05\/whatsapp-icon-free-png.webp","type":"image\/webp"}],"twitter_card":"summary_large_image","twitter_misc":{"Est. reading time":"4 minutes"},"schema":{"@context":"https:\/\/schema.org","@graph":[{"@type":"WebPage","@id":"https:\/\/gestacy.com\/es\/politica-de-cookies\/","url":"https:\/\/gestacy.com\/es\/politica-de-cookies\/","name":"POL\u00cdTICA DE COOKIES - Gestacy","isPartOf":{"@id":"https:\/\/gestacy.com\/es\/#website"},"primaryImageOfPage":{"@id":"https:\/\/gestacy.com\/es\/politica-de-cookies\/#primaryimage"},"image":{"@id":"https:\/\/gestacy.com\/es\/politica-de-cookies\/#primaryimage"},"thumbnailUrl":"https:\/\/gestacy.com\/wp-content\/uploads\/2025\/05\/whatsapp-icon-free-png.webp","datePublished":"2024-12-29T12:52:03+00:00","dateModified":"2025-05-13T14:43:46+00:00","breadcrumb":{"@id":"https:\/\/gestacy.com\/es\/politica-de-cookies\/#breadcrumb"},"inLanguage":"es-MX","potentialAction":[{"@type":"ReadAction","target":["https:\/\/gestacy.com\/es\/politica-de-cookies\/"]}]},{"@type":"ImageObject","inLanguage":"es-MX","@id":"https:\/\/gestacy.com\/es\/politica-de-cookies\/#primaryimage","url":"https:\/\/gestacy.com\/wp-content\/uploads\/2025\/05\/whatsapp-icon-free-png.webp","contentUrl":"https:\/\/gestacy.com\/wp-content\/uploads\/2025\/05\/whatsapp-icon-free-png.webp"},{"@type":"BreadcrumbList","@id":"https:\/\/gestacy.com\/es\/politica-de-cookies\/#breadcrumb","itemListElement":[{"@type":"ListItem","position":1,"name":"Home","item":"https:\/\/gestacy.com\/es\/"},{"@type":"ListItem","position":2,"name":"POL\u00cdTICA DE COOKIES"}]},{"@type":"WebSite","@id":"https:\/\/gestacy.com\/es\/#website","url":"https:\/\/gestacy.com\/es\/","name":"Gestacy","description":"","publisher":{"@id":"https:\/\/gestacy.com\/es\/#organization"},"potentialAction":[{"@type":"SearchAction","target":{"@type":"EntryPoint","urlTemplate":"https:\/\/gestacy.com\/es\/?s={search_term_string}"},"query-input":{"@type":"PropertyValueSpecification","valueRequired":true,"valueName":"search_term_string"}}],"inLanguage":"es-MX"},{"@type":"Organization","@id":"https:\/\/gestacy.com\/es\/#organization","name":"Gestacy","url":"https:\/\/gestacy.com\/es\/","logo":{"@type":"ImageObject","inLanguage":"es-MX","@id":"https:\/\/gestacy.com\/es\/#\/schema\/logo\/image\/","url":"https:\/\/gestacy.com\/wp-content\/uploads\/2024\/10\/Gestacy_logo_01.svg","contentUrl":"https:\/\/gestacy.com\/wp-content\/uploads\/2024\/10\/Gestacy_logo_01.svg","width":193,"height":65,"caption":"Gestacy"},"image":{"@id":"https:\/\/gestacy.com\/es\/#\/schema\/logo\/image\/"}}]}},"_links":{"self":[{"href":"https:\/\/gestacy.com\/es\/wp-json\/wp\/v2\/pages\/3044","targetHints":{"allow":["GET"]}}],"collection":[{"href":"https:\/\/gestacy.com\/es\/wp-json\/wp\/v2\/pages"}],"about":[{"href":"https:\/\/gestacy.com\/es\/wp-json\/wp\/v2\/types\/page"}],"author":[{"embeddable":true,"href":"https:\/\/gestacy.com\/es\/wp-json\/wp\/v2\/users\/1"}],"replies":[{"embeddable":true,"href":"https:\/\/gestacy.com\/es\/wp-json\/wp\/v2\/comments?post=3044"}],"version-history":[{"count":0,"href":"https:\/\/gestacy.com\/es\/wp-json\/wp\/v2\/pages\/3044\/revisions"}],"wp:attachment":[{"href":"https:\/\/gestacy.com\/es\/wp-json\/wp\/v2\/media?parent=3044"}],"curies":[{"name":"wp","href":"https:\/\/api.w.org\/{rel}","templated":true}]}}