{"id":3033,"date":"2024-12-29T12:47:27","date_gmt":"2024-12-29T12:47:27","guid":{"rendered":"https:\/\/gestacy.com\/?page_id=3033"},"modified":"2025-05-13T14:43:59","modified_gmt":"2025-05-13T14:43:59","slug":"aviso-legal","status":"publish","type":"page","link":"https:\/\/gestacy.com\/es\/aviso-legal\/","title":{"rendered":"AVISO LEGAL"},"content":{"rendered":"\t\t<div data-elementor-type=\"wp-page\" data-elementor-id=\"3033\" class=\"elementor elementor-3033\" data-elementor-settings=\"{&quot;ha_cmc_init_switcher&quot;:&quot;no&quot;}\" data-elementor-post-type=\"page\">\n\t\t\t\t\t\t<section class=\"ob-is-breaking-bad elementor-section elementor-top-section elementor-element elementor-element-2586c731 elementor-section-content-middle elementor-section-boxed elementor-section-height-default elementor-section-height-default\" data-id=\"2586c731\" data-element_type=\"section\" data-e-type=\"section\" data-settings=\"{&quot;background_background&quot;:&quot;classic&quot;,&quot;shape_divider_bottom&quot;:&quot;mountains&quot;,&quot;_ob_bbad_use_it&quot;:&quot;yes&quot;,&quot;_ob_bbad_sssic_use&quot;:&quot;no&quot;,&quot;_ob_glider_is_slider&quot;:&quot;no&quot;,&quot;_ha_eqh_enable&quot;:false}\">\n\t\t\t\t\t\t\t<div class=\"elementor-background-overlay\"><\/div>\n\t\t\t\t\t\t<div class=\"elementor-shape elementor-shape-bottom\" aria-hidden=\"true\" data-negative=\"false\">\n\t\t\t<svg xmlns=\"http:\/\/www.w3.org\/2000\/svg\" viewBox=\"0 0 1000 100\" preserveAspectRatio=\"none\">\n\t<path class=\"elementor-shape-fill\" opacity=\"0.33\" d=\"M473,67.3c-203.9,88.3-263.1-34-320.3,0C66,119.1,0,59.7,0,59.7V0h1000v59.7 c0,0-62.1,26.1-94.9,29.3c-32.8,3.3-62.8-12.3-75.8-22.1C806,49.6,745.3,8.7,694.9,4.7S492.4,59,473,67.3z\"\/>\n\t<path class=\"elementor-shape-fill\" opacity=\"0.66\" d=\"M734,67.3c-45.5,0-77.2-23.2-129.1-39.1c-28.6-8.7-150.3-10.1-254,39.1 s-91.7-34.4-149.2,0C115.7,118.3,0,39.8,0,39.8V0h1000v36.5c0,0-28.2-18.5-92.1-18.5C810.2,18.1,775.7,67.3,734,67.3z\"\/>\n\t<path class=\"elementor-shape-fill\" d=\"M766.1,28.9c-200-57.5-266,65.5-395.1,19.5C242,1.8,242,5.4,184.8,20.6C128,35.8,132.3,44.9,89.9,52.5C28.6,63.7,0,0,0,0 h1000c0,0-9.9,40.9-83.6,48.1S829.6,47,766.1,28.9z\"\/>\n<\/svg>\t\t<\/div>\n\t\t\t\t\t<div class=\"elementor-container elementor-column-gap-default\">\n\t\t\t\t\t<div class=\"elementor-column elementor-col-50 elementor-top-column elementor-element elementor-element-12972594\" data-id=\"12972594\" data-element_type=\"column\" data-e-type=\"column\" data-settings=\"{&quot;_ob_bbad_is_stalker&quot;:&quot;no&quot;}\">\n\t\t\t<div class=\"elementor-widget-wrap elementor-element-populated\">\n\t\t\t\t\t\t<div class=\"elementor-element elementor-element-5d3ed860 elementor-widget__width-initial animated-slow elementor-invisible elementor-widget elementor-widget-heading\" data-id=\"5d3ed860\" data-element_type=\"widget\" data-e-type=\"widget\" data-settings=\"{&quot;_animation&quot;:&quot;fadeInDown&quot;,&quot;_animation_delay&quot;:700}\" data-widget_type=\"heading.default\">\n\t\t\t\t<div class=\"elementor-widget-container\">\n\t\t\t\t\t<h2 class=\"elementor-heading-title elementor-size-default\">Aviso legal<\/h2>\t\t\t\t<\/div>\n\t\t\t\t<\/div>\n\t\t\t\t<div class=\"elementor-element elementor-element-6665bfa elementor-widget elementor-widget-spacer\" data-id=\"6665bfa\" data-element_type=\"widget\" data-e-type=\"widget\" data-widget_type=\"spacer.default\">\n\t\t\t\t<div class=\"elementor-widget-container\">\n\t\t\t\t\t\t\t<div class=\"elementor-spacer\">\n\t\t\t<div class=\"elementor-spacer-inner\"><\/div>\n\t\t<\/div>\n\t\t\t\t\t\t<\/div>\n\t\t\t\t<\/div>\n\t\t\t\t\t<\/div>\n\t\t<\/div>\n\t\t\t\t<div class=\"elementor-column elementor-col-50 elementor-top-column elementor-element elementor-element-4fa505a5\" data-id=\"4fa505a5\" data-element_type=\"column\" data-e-type=\"column\" data-settings=\"{&quot;_ob_bbad_is_stalker&quot;:&quot;no&quot;}\">\n\t\t\t<div class=\"elementor-widget-wrap elementor-element-populated\">\n\t\t\t\t\t\t<div class=\"elementor-element elementor-element-d835add elementor-fixed elementor-invisible elementor-widget elementor-widget-image\" data-id=\"d835add\" data-element_type=\"widget\" data-e-type=\"widget\" data-settings=\"{&quot;_position&quot;:&quot;fixed&quot;,&quot;_animation&quot;:&quot;fadeInUp&quot;}\" data-widget_type=\"image.default\">\n\t\t\t\t<div class=\"elementor-widget-container\">\n\t\t\t\t\t\t\t\t\t\t\t\t\t\t\t\t<a href=\"https:\/\/wa.me\/5215657198097\" target=\"_blank\">\n\t\t\t\t\t\t\t<img loading=\"lazy\" decoding=\"async\" width=\"400\" height=\"400\" src=\"https:\/\/gestacy.com\/wp-content\/uploads\/2025\/05\/whatsapp-icon-free-png.webp\" class=\"attachment-large size-large wp-image-6052\" alt=\"whatsapp icon free png\" srcset=\"https:\/\/gestacy.com\/wp-content\/uploads\/2025\/05\/whatsapp-icon-free-png.webp 400w, https:\/\/gestacy.com\/wp-content\/uploads\/2025\/05\/whatsapp-icon-free-png-300x300.webp 300w, https:\/\/gestacy.com\/wp-content\/uploads\/2025\/05\/whatsapp-icon-free-png-150x150.webp 150w\" sizes=\"auto, (max-width: 400px) 100vw, 400px\" \/>\t\t\t\t\t\t\t\t<\/a>\n\t\t\t\t\t\t\t\t\t\t\t\t\t\t\t<\/div>\n\t\t\t\t<\/div>\n\t\t\t\t\t<\/div>\n\t\t<\/div>\n\t\t\t\t\t<\/div>\n\t\t<\/section>\n\t\t\t\t<section class=\"ob-is-breaking-bad elementor-section elementor-top-section elementor-element elementor-element-559a4835 elementor-section-boxed elementor-section-height-default elementor-section-height-default\" data-id=\"559a4835\" data-element_type=\"section\" data-e-type=\"section\" data-settings=\"{&quot;_ob_bbad_use_it&quot;:&quot;yes&quot;,&quot;_ob_bbad_sssic_use&quot;:&quot;no&quot;,&quot;_ob_glider_is_slider&quot;:&quot;no&quot;,&quot;_ha_eqh_enable&quot;:false}\">\n\t\t\t\t\t\t<div class=\"elementor-container elementor-column-gap-default\">\n\t\t\t\t\t<div class=\"elementor-column elementor-col-100 elementor-top-column elementor-element elementor-element-6e51df1f\" data-id=\"6e51df1f\" data-element_type=\"column\" data-e-type=\"column\" data-settings=\"{&quot;_ob_bbad_is_stalker&quot;:&quot;no&quot;}\">\n\t\t\t<div class=\"elementor-widget-wrap elementor-element-populated\">\n\t\t\t\t\t\t<div class=\"elementor-element elementor-element-53acbc1e elementor-widget elementor-widget-text-editor\" data-id=\"53acbc1e\" data-element_type=\"widget\" data-e-type=\"widget\" data-widget_type=\"text-editor.default\">\n\t\t\t\t<div class=\"elementor-widget-container\">\n\t\t\t\t\t\t\t\t\t<p class=\"p1\"><b>DATOS IDENTIFICATIVOS<\/b><\/p><p class=\"p3\">Gestacy Agencia de Gestaci\u00f3n Sustituta (\u201cGestacy\u201d), empresa titular del presente dominio web HYPERLINK &#8220;http:\/\/www.gestacy.com&#8221;<span class=\"s1\">www.gestacy.com<\/span> (\u201cSitio Web\u201d) con domicilio a estos efectos se\u00f1alada como <span class=\"s2\">500 La Terraza Blvd. STE 15, Escondido, California, Estados Unidos, C.P. 92025, <\/span>con correo electr\u00f3nico info@gestacy.co, en cumplimiento con establecido en la Ley de Privacidad del Consumidor para el Estado de California (\u201cley\u201d), estipula lo siguiente.<\/p><p class=\"p3\"><b>2. USUARIOS<\/b><\/p><p class=\"p3\">El acceso y\/o uso de este portal sitio web le atribuye la condici\u00f3n de USUARIO, que acepta, desde dicho acceso y\/o uso, las Condiciones Generales de Uso reflejadas en el presente aviso. Las Condiciones ser\u00e1n de aplicaci\u00f3n independientemente de las Condiciones Generales de Contrataci\u00f3n que en su caso resulten de obligado cumplimiento. En todo caso para cualquier fin especifico se pedir\u00e1 su consentimiento expreso.<\/p><p class=\"p3\"><b>3. USO DEL PORTAL<\/b><\/p><p class=\"p3\">Nuestra web proporciona el acceso a informaciones, servicios, programas o datos (en adelante pasaremos a denominarlos como &#8220;los contenidos&#8221;) en Internet pertenecientes a Gestacy o a sus licenciantes a los que \u00e9l o USUARIO pueda tener acceso. El USUARIO asume la responsabilidad del correcto uso del portal. Dicha responsabilidad se extiende al registro que fuese necesario para acceder a determinados servicios o contenidos. En dicho registro el USUARIO ser\u00e1 responsable de aportar informaci\u00f3n veraz y l\u00edcita sobre sus datos. Como consecuencia de este registro, al USUARIO se le puede proporcionar una contrase\u00f1a de la que ser\u00e1 responsable, comprometi\u00e9ndose a hacer un uso diligente, \u00e9tico y confidencial de la misma. El USUARIO se compromete a hacer un uso adecuado de los contenidos y servicios (como por ejemplo servicios de chat, foros de discusi\u00f3n o grupos de noticias) que se ofrece a trav\u00e9s de su portal y con car\u00e1cter enunciativo, pero no limitativo, a no emplearlos para:<\/p><p class=\"p5\">Incurrir en actividades il\u00edcitas, ilegales o contrarias a la buena fe y al orden p\u00fablico; &#8211; Difundir contenidos o propaganda de car\u00e1cter racista, xen\u00f3fobo, pornogr\u00e1fico-ilegal, de apolog\u00eda del terrorismo o atentatorio contra los derechos humanos<\/p><p class=\"p5\">Provocar da\u00f1os en los sistemas f\u00edsicos y l\u00f3gicos del propietario, de sus proveedores o de terceras personas, introducir o difundir en la red virus inform\u00e1ticos o cualesquiera otros sistemas f\u00edsicos o l\u00f3gicos que sean susceptibles de provocar los da\u00f1os anteriormente mencionados.<\/p><p class=\"p5\">Intentar acceder y, en su caso, utilizar las cuentas de correo electr\u00f3nico de otros usuarios y modificar o manipular sus mensajes. El propietario del portal se reserva el derecho de retirar todos aquellos comentarios y aportaciones que vulneren el respeto a la dignidad de la persona, que sean discriminatorios, xen\u00f3fobos, racistas, pornogr\u00e1ficos, que atenten contra la juventud o la infancia, el orden o la seguridad p\u00fablica o que, a su juicio, no resultaran adecuados o convenientes para su publicaci\u00f3n. En cualquier caso, el propietario del portal no ser\u00e1 responsable de las opiniones vertidas por los usuarios a trav\u00e9s de los foros, chats, u otras herramientas de participaci\u00f3n.<\/p><p class=\"p3\"><b>4. PROTECCI\u00d3N DE DATOS<\/b><\/p><p class=\"p3\">Con el fin de conseguir la m\u00e1xima transparencia y en base a nuestra pol\u00edtica proactiva le informamos que el tratamiento de los datos se realiza con la finalidad de llevar a cabo todas las gestiones relacionadas con la prestaci\u00f3n de servicios por parte de Gestacy, as\u00ed como atender y contestar las comunicaciones recibidas y las de prospecci\u00f3n comercial para mantener informado a los usuarios de eventuales promociones.<\/p><p class=\"p3\">A tales efectos, el USUARIO ser\u00e1 el \u00fanico responsable frente a cualquier da\u00f1o, directo y\/o indirecto que cause a terceros o a Gestacy, por el uso de datos personales de otra persona, o sus propios datos personales cuando sean falsos, err\u00f3neos, no actuales, inadecuados o impertinentes. Igualmente, el usuario que utilice los datos personales de un tercero responder\u00e1 ante \u00e9ste de la obligaci\u00f3n de informaci\u00f3n establecida en el para cuando los datos de car\u00e1cter personal no hayan sido recabados del propio interesado, y\/o de las consecuencias de no haberle informado.<\/p><p class=\"p6\"><b>5. PROPIEDAD INTELECTUAL E INDUSTRIAL <\/b><\/p><p class=\"p3\">El propietario por s\u00ed o como cesionaria, es titular de todos los derechos de propiedad intelectual e industrial de su p\u00e1gina web, as\u00ed como de los elementos contenidos en la misma (a t\u00edtulo enunciativo, im\u00e1genes, sonido, audio, v\u00eddeo, software o textos; marcas o logotipos, combinaciones de colores, estructura y dise\u00f1o, selecci\u00f3n de materiales usados, programas de ordenador necesarios para su funcionamiento, acceso y uso, etc.). Todos los derechos reservados. Quedan expresamente prohibidas la reproducci\u00f3n, la distribuci\u00f3n y la comunicaci\u00f3n p\u00fablica, incluida su modalidad de puesta a disposici\u00f3n, de la totalidad o parte de los contenidos de esta p\u00e1gina web, con fines comerciales, en cualquier soporte y por cualquier medio t\u00e9cnico, sin la autorizaci\u00f3n de Gestacy. El USUARIO se compromete a respetar los derechos de Propiedad Intelectual e Industrial titularidad de Gestacy. El cual podr\u00e1 visualizar los elementos del portal e incluso imprimirlos, copiarlos y almacenarlos en el disco duro de su ordenador o en cualquier otro soporte f\u00edsico siempre y cuando sea, \u00fanica y exclusivamente, para su uso personal y privado. El USUARIO deber\u00e1 abstenerse de suprimir, alterar, eludir o manipular cualquier dispositivo de protecci\u00f3n o sistema de seguridad que estuviera instalado en las p\u00e1ginas web.<\/p><p class=\"p3\"><b>6. EXCLUSI\u00d3N DE GARANT\u00cdAS Y RESPONSABILIDAD<\/b><\/p><p class=\"p3\">Gestacy no se hace responsable, en ning\u00fan caso, de los da\u00f1os y perjuicios de cualquier naturaleza que pudieran ocasionar, a t\u00edtulo enunciativo: errores u omisiones en los contenidos, falta de disponibilidad del portal o la transmisi\u00f3n de virus o programas maliciosos o lesivos en los contenidos, a pesar de haber adoptado todas las medidas tecnol\u00f3gicas necesarias para evitarlo.<\/p><p class=\"p3\"><b>7. MODIFICACIONES <\/b><\/p><p class=\"p3\">Gestacy se reserva el derecho de efectuar sin previo aviso las modificaciones que considere oportunas en su portal, pudiendo cambiar, suprimir o a\u00f1adir tanto los contenidos y servicios que se presten a trav\u00e9s de esta como la forma en la que \u00e9stos aparezcan presentados o localizados en su portal.<\/p><p class=\"p3\"><b>8. ENLACES<\/b><\/p><p class=\"p3\">En el caso de que en Gestacy se dispusiesen enlaces o hiperv\u00ednculos hac\u00eda otros sitios de Internet, no ejercer\u00e1 ning\u00fan tipo de control sobre dichos sitios y contenidos. En ning\u00fan caso Gestacy asumir\u00e1 responsabilidad. Gestacy se reserva el derecho a denegar o retirar el acceso a portal y\/o los servicios ofrecidos sin necesidad de preaviso, a instancia propia o de un tercero, a aquellos usuarios que incumplan las presentes Condiciones Generales de Uso.<\/p><p class=\"p3\"><b>9. DERECHO DE EXCLUSI\u00d3N<\/b><\/p><p class=\"p3\">Gestacy se reserva el derecho a denegar o retirar el acceso a portal y\/o los servicios ofrecidos sin necesidad de previo aviso, a instancia propia o de un tercero, a aquellos usuarios que incumplan las presentes condiciones.<\/p><p class=\"p3\"><b>10. GENERALIDADES<\/b><\/p><p class=\"p3\">Se perseguir\u00e1 el incumplimiento de las presentes condiciones, as\u00ed como cualquier utilizaci\u00f3n indebida de su portal ejerciendo todas las acciones civiles y penales que le puedan corresponder en derecho.<\/p><p class=\"p3\"><b>11.MODIFICACI\u00d3N DE LAS PRESENTES CONDICIONES Y DURACI\u00d3N<\/b><\/p><p class=\"p3\">Gestacy podr\u00e1 modificar en cualquier momento las condiciones aqu\u00ed determinadas, siendo debidamente publicadas como aqu\u00ed aparecen. La vigencia de las citadas condiciones ir\u00e1 en funci\u00f3n de su exposici\u00f3n y estar\u00e1n vigentes hasta debidamente publicadas. que sean modificadas por otras.<\/p><p class=\"p3\"><b>12. LEGISLACI\u00d3N APLICABLE Y JURISDICCI\u00d3N<\/b><\/p><p class=\"p3\">La relaci\u00f3n entre Gestacy y el USUARIO se regir\u00e1 por la normativa aplicable para la ciudad de Escondido en el Estado de California, Estados Unidos y cualquier controversia se someter\u00e1 a la autoridad pertinente. alguna por los contenidos de alg\u00fan enlace perteneciente a un sitio web ajeno, ni garantizar\u00e1 la disponibilidad t\u00e9cnica, calidad, fiabilidad, exactitud, amplitud, veracidad, validez y constitucionalidad de cualquier material o informaci\u00f3n contenida en ninguno de dichos hiperv\u00ednculos u otros sitios de Internet. En caso de usar los enlaces rogamos que acceda a la pol\u00edtica de privacidad y aviso legal de la p\u00e1gina visitada. Igualmente, la inclusi\u00f3n de estas conexiones externas no implicar\u00e1 ning\u00fan tipo de asociaci\u00f3n, fusi\u00f3n o participaci\u00f3n con las entidades conectadas.<\/p>\t\t\t\t\t\t\t\t<\/div>\n\t\t\t\t<\/div>\n\t\t\t\t\t<\/div>\n\t\t<\/div>\n\t\t\t\t\t<\/div>\n\t\t<\/section>\n\t\t\t\t<\/div>\n\t\t","protected":false},"excerpt":{"rendered":"<p>Aviso legal DATOS IDENTIFICATIVOS Gestacy Agencia de Gestaci\u00f3n Sustituta (\u201cGestacy\u201d), empresa titular del presente dominio web HYPERLINK &#8220;http:\/\/www.gestacy.com&#8221;www.gestacy.com (\u201cSitio Web\u201d) [&hellip;]<\/p>\n","protected":false},"author":1,"featured_media":0,"parent":0,"menu_order":0,"comment_status":"closed","ping_status":"closed","template":"elementor_header_footer","meta":{"content-type":"","site-sidebar-layout":"no-sidebar","site-content-layout":"","ast-site-content-layout":"full-width-container","site-content-style":"default","site-sidebar-style":"default","ast-global-header-display":"","ast-banner-title-visibility":"","ast-main-header-display":"","ast-hfb-above-header-display":"","ast-hfb-below-header-display":"","ast-hfb-mobile-header-display":"","site-post-title":"disabled","ast-breadcrumbs-content":"","ast-featured-img":"disabled","footer-sml-layout":"","ast-disable-related-posts":"","theme-transparent-header-meta":"","adv-header-id-meta":"","stick-header-meta":"","header-above-stick-meta":"","header-main-stick-meta":"","header-below-stick-meta":"","astra-migrate-meta-layouts":"default","ast-page-background-enabled":"default","ast-page-background-meta":{"desktop":{"background-color":"var(--ast-global-color-4)","background-image":"","background-repeat":"repeat","background-position":"center center","background-size":"auto","background-attachment":"scroll","background-type":"","background-media":"","overlay-type":"","overlay-color":"","overlay-opacity":"","overlay-gradient":""},"tablet":{"background-color":"","background-image":"","background-repeat":"repeat","background-position":"center center","background-size":"auto","background-attachment":"scroll","background-type":"","background-media":"","overlay-type":"","overlay-color":"","overlay-opacity":"","overlay-gradient":""},"mobile":{"background-color":"","background-image":"","background-repeat":"repeat","background-position":"center center","background-size":"auto","background-attachment":"scroll","background-type":"","background-media":"","overlay-type":"","overlay-color":"","overlay-opacity":"","overlay-gradient":""}},"ast-content-background-meta":{"desktop":{"background-color":"var(--ast-global-color-5)","background-image":"","background-repeat":"repeat","background-position":"center center","background-size":"auto","background-attachment":"scroll","background-type":"","background-media":"","overlay-type":"","overlay-color":"","overlay-opacity":"","overlay-gradient":""},"tablet":{"background-color":"var(--ast-global-color-5)","background-image":"","background-repeat":"repeat","background-position":"center center","background-size":"auto","background-attachment":"scroll","background-type":"","background-media":"","overlay-type":"","overlay-color":"","overlay-opacity":"","overlay-gradient":""},"mobile":{"background-color":"var(--ast-global-color-5)","background-image":"","background-repeat":"repeat","background-position":"center center","background-size":"auto","background-attachment":"scroll","background-type":"","background-media":"","overlay-type":"","overlay-color":"","overlay-opacity":"","overlay-gradient":""}},"footnotes":""},"class_list":["post-3033","page","type-page","status-publish","hentry"],"yoast_head":"<!-- This site is optimized with the Yoast SEO Premium plugin v24.9 (Yoast SEO v27.3) - https:\/\/yoast.com\/product\/yoast-seo-premium-wordpress\/ -->\n<title>AVISO LEGAL - Gestacy<\/title>\n<meta name=\"robots\" content=\"noindex, nofollow\" \/>\n<meta property=\"og:locale\" content=\"es_ES\" \/>\n<meta property=\"og:type\" content=\"article\" \/>\n<meta property=\"og:title\" content=\"AVISO LEGAL\" \/>\n<meta property=\"og:description\" content=\"Aviso legal DATOS IDENTIFICATIVOS Gestacy Agencia de Gestaci\u00f3n Sustituta (\u201cGestacy\u201d), empresa titular del presente dominio web HYPERLINK &#8220;http:\/\/www.gestacy.com&#8221;www.gestacy.com (\u201cSitio Web\u201d) [&hellip;]\" \/>\n<meta property=\"og:url\" content=\"https:\/\/gestacy.com\/es\/aviso-legal\/\" \/>\n<meta property=\"og:site_name\" content=\"Gestacy\" \/>\n<meta property=\"article:modified_time\" content=\"2025-05-13T14:43:59+00:00\" \/>\n<meta property=\"og:image\" content=\"https:\/\/gestacy.com\/wp-content\/uploads\/2025\/05\/whatsapp-icon-free-png.webp\" \/>\n\t<meta property=\"og:image:width\" content=\"400\" \/>\n\t<meta property=\"og:image:height\" content=\"400\" \/>\n\t<meta property=\"og:image:type\" content=\"image\/webp\" \/>\n<meta name=\"twitter:card\" content=\"summary_large_image\" \/>\n<meta name=\"twitter:label1\" content=\"Est. reading time\" \/>\n\t<meta name=\"twitter:data1\" content=\"8 minutes\" \/>\n<script type=\"application\/ld+json\" class=\"yoast-schema-graph\">{\"@context\":\"https:\\\/\\\/schema.org\",\"@graph\":[{\"@type\":\"WebPage\",\"@id\":\"https:\\\/\\\/gestacy.com\\\/es\\\/aviso-legal\\\/\",\"url\":\"https:\\\/\\\/gestacy.com\\\/es\\\/aviso-legal\\\/\",\"name\":\"AVISO LEGAL - Gestacy\",\"isPartOf\":{\"@id\":\"https:\\\/\\\/gestacy.com\\\/es\\\/#website\"},\"primaryImageOfPage\":{\"@id\":\"https:\\\/\\\/gestacy.com\\\/es\\\/aviso-legal\\\/#primaryimage\"},\"image\":{\"@id\":\"https:\\\/\\\/gestacy.com\\\/es\\\/aviso-legal\\\/#primaryimage\"},\"thumbnailUrl\":\"https:\\\/\\\/gestacy.com\\\/wp-content\\\/uploads\\\/2025\\\/05\\\/whatsapp-icon-free-png.webp\",\"datePublished\":\"2024-12-29T12:47:27+00:00\",\"dateModified\":\"2025-05-13T14:43:59+00:00\",\"breadcrumb\":{\"@id\":\"https:\\\/\\\/gestacy.com\\\/es\\\/aviso-legal\\\/#breadcrumb\"},\"inLanguage\":\"es-MX\",\"potentialAction\":[{\"@type\":\"ReadAction\",\"target\":[\"https:\\\/\\\/gestacy.com\\\/es\\\/aviso-legal\\\/\"]}]},{\"@type\":\"ImageObject\",\"inLanguage\":\"es-MX\",\"@id\":\"https:\\\/\\\/gestacy.com\\\/es\\\/aviso-legal\\\/#primaryimage\",\"url\":\"https:\\\/\\\/gestacy.com\\\/wp-content\\\/uploads\\\/2025\\\/05\\\/whatsapp-icon-free-png.webp\",\"contentUrl\":\"https:\\\/\\\/gestacy.com\\\/wp-content\\\/uploads\\\/2025\\\/05\\\/whatsapp-icon-free-png.webp\"},{\"@type\":\"BreadcrumbList\",\"@id\":\"https:\\\/\\\/gestacy.com\\\/es\\\/aviso-legal\\\/#breadcrumb\",\"itemListElement\":[{\"@type\":\"ListItem\",\"position\":1,\"name\":\"Home\",\"item\":\"https:\\\/\\\/gestacy.com\\\/es\\\/\"},{\"@type\":\"ListItem\",\"position\":2,\"name\":\"AVISO LEGAL\"}]},{\"@type\":\"WebSite\",\"@id\":\"https:\\\/\\\/gestacy.com\\\/es\\\/#website\",\"url\":\"https:\\\/\\\/gestacy.com\\\/es\\\/\",\"name\":\"Gestacy\",\"description\":\"\",\"publisher\":{\"@id\":\"https:\\\/\\\/gestacy.com\\\/es\\\/#organization\"},\"potentialAction\":[{\"@type\":\"SearchAction\",\"target\":{\"@type\":\"EntryPoint\",\"urlTemplate\":\"https:\\\/\\\/gestacy.com\\\/es\\\/?s={search_term_string}\"},\"query-input\":{\"@type\":\"PropertyValueSpecification\",\"valueRequired\":true,\"valueName\":\"search_term_string\"}}],\"inLanguage\":\"es-MX\"},{\"@type\":\"Organization\",\"@id\":\"https:\\\/\\\/gestacy.com\\\/es\\\/#organization\",\"name\":\"Gestacy\",\"url\":\"https:\\\/\\\/gestacy.com\\\/es\\\/\",\"logo\":{\"@type\":\"ImageObject\",\"inLanguage\":\"es-MX\",\"@id\":\"https:\\\/\\\/gestacy.com\\\/es\\\/#\\\/schema\\\/logo\\\/image\\\/\",\"url\":\"https:\\\/\\\/gestacy.com\\\/wp-content\\\/uploads\\\/2024\\\/10\\\/Gestacy_logo_01.svg\",\"contentUrl\":\"https:\\\/\\\/gestacy.com\\\/wp-content\\\/uploads\\\/2024\\\/10\\\/Gestacy_logo_01.svg\",\"width\":193,\"height\":65,\"caption\":\"Gestacy\"},\"image\":{\"@id\":\"https:\\\/\\\/gestacy.com\\\/es\\\/#\\\/schema\\\/logo\\\/image\\\/\"}}]}<\/script>\n<!-- \/ Yoast SEO Premium plugin. -->","yoast_head_json":{"title":"AVISO LEGAL - Gestacy","robots":{"index":"noindex","follow":"nofollow"},"og_locale":"es_ES","og_type":"article","og_title":"AVISO LEGAL","og_description":"Aviso legal DATOS IDENTIFICATIVOS Gestacy Agencia de Gestaci\u00f3n Sustituta (\u201cGestacy\u201d), empresa titular del presente dominio web HYPERLINK &#8220;http:\/\/www.gestacy.com&#8221;www.gestacy.com (\u201cSitio Web\u201d) [&hellip;]","og_url":"https:\/\/gestacy.com\/es\/aviso-legal\/","og_site_name":"Gestacy","article_modified_time":"2025-05-13T14:43:59+00:00","og_image":[{"width":400,"height":400,"url":"https:\/\/gestacy.com\/wp-content\/uploads\/2025\/05\/whatsapp-icon-free-png.webp","type":"image\/webp"}],"twitter_card":"summary_large_image","twitter_misc":{"Est. reading time":"8 minutes"},"schema":{"@context":"https:\/\/schema.org","@graph":[{"@type":"WebPage","@id":"https:\/\/gestacy.com\/es\/aviso-legal\/","url":"https:\/\/gestacy.com\/es\/aviso-legal\/","name":"AVISO LEGAL - Gestacy","isPartOf":{"@id":"https:\/\/gestacy.com\/es\/#website"},"primaryImageOfPage":{"@id":"https:\/\/gestacy.com\/es\/aviso-legal\/#primaryimage"},"image":{"@id":"https:\/\/gestacy.com\/es\/aviso-legal\/#primaryimage"},"thumbnailUrl":"https:\/\/gestacy.com\/wp-content\/uploads\/2025\/05\/whatsapp-icon-free-png.webp","datePublished":"2024-12-29T12:47:27+00:00","dateModified":"2025-05-13T14:43:59+00:00","breadcrumb":{"@id":"https:\/\/gestacy.com\/es\/aviso-legal\/#breadcrumb"},"inLanguage":"es-MX","potentialAction":[{"@type":"ReadAction","target":["https:\/\/gestacy.com\/es\/aviso-legal\/"]}]},{"@type":"ImageObject","inLanguage":"es-MX","@id":"https:\/\/gestacy.com\/es\/aviso-legal\/#primaryimage","url":"https:\/\/gestacy.com\/wp-content\/uploads\/2025\/05\/whatsapp-icon-free-png.webp","contentUrl":"https:\/\/gestacy.com\/wp-content\/uploads\/2025\/05\/whatsapp-icon-free-png.webp"},{"@type":"BreadcrumbList","@id":"https:\/\/gestacy.com\/es\/aviso-legal\/#breadcrumb","itemListElement":[{"@type":"ListItem","position":1,"name":"Home","item":"https:\/\/gestacy.com\/es\/"},{"@type":"ListItem","position":2,"name":"AVISO LEGAL"}]},{"@type":"WebSite","@id":"https:\/\/gestacy.com\/es\/#website","url":"https:\/\/gestacy.com\/es\/","name":"Gestacy","description":"","publisher":{"@id":"https:\/\/gestacy.com\/es\/#organization"},"potentialAction":[{"@type":"SearchAction","target":{"@type":"EntryPoint","urlTemplate":"https:\/\/gestacy.com\/es\/?s={search_term_string}"},"query-input":{"@type":"PropertyValueSpecification","valueRequired":true,"valueName":"search_term_string"}}],"inLanguage":"es-MX"},{"@type":"Organization","@id":"https:\/\/gestacy.com\/es\/#organization","name":"Gestacy","url":"https:\/\/gestacy.com\/es\/","logo":{"@type":"ImageObject","inLanguage":"es-MX","@id":"https:\/\/gestacy.com\/es\/#\/schema\/logo\/image\/","url":"https:\/\/gestacy.com\/wp-content\/uploads\/2024\/10\/Gestacy_logo_01.svg","contentUrl":"https:\/\/gestacy.com\/wp-content\/uploads\/2024\/10\/Gestacy_logo_01.svg","width":193,"height":65,"caption":"Gestacy"},"image":{"@id":"https:\/\/gestacy.com\/es\/#\/schema\/logo\/image\/"}}]}},"_links":{"self":[{"href":"https:\/\/gestacy.com\/es\/wp-json\/wp\/v2\/pages\/3033","targetHints":{"allow":["GET"]}}],"collection":[{"href":"https:\/\/gestacy.com\/es\/wp-json\/wp\/v2\/pages"}],"about":[{"href":"https:\/\/gestacy.com\/es\/wp-json\/wp\/v2\/types\/page"}],"author":[{"embeddable":true,"href":"https:\/\/gestacy.com\/es\/wp-json\/wp\/v2\/users\/1"}],"replies":[{"embeddable":true,"href":"https:\/\/gestacy.com\/es\/wp-json\/wp\/v2\/comments?post=3033"}],"version-history":[{"count":0,"href":"https:\/\/gestacy.com\/es\/wp-json\/wp\/v2\/pages\/3033\/revisions"}],"wp:attachment":[{"href":"https:\/\/gestacy.com\/es\/wp-json\/wp\/v2\/media?parent=3033"}],"curies":[{"name":"wp","href":"https:\/\/api.w.org\/{rel}","templated":true}]}}