{"id":3021,"date":"2024-12-29T12:40:40","date_gmt":"2024-12-29T12:40:40","guid":{"rendered":"https:\/\/gestacy.com\/?page_id=3021"},"modified":"2025-05-13T14:44:11","modified_gmt":"2025-05-13T14:44:11","slug":"aviso-de-privacidad","status":"publish","type":"page","link":"https:\/\/gestacy.com\/es\/aviso-de-privacidad\/","title":{"rendered":"AVISO DE PRIVACIDAD"},"content":{"rendered":"\t\t<div data-elementor-type=\"wp-page\" data-elementor-id=\"3021\" class=\"elementor elementor-3021\" data-elementor-settings=\"{&quot;ha_cmc_init_switcher&quot;:&quot;no&quot;}\" data-elementor-post-type=\"page\">\n\t\t\t\t\t\t<section class=\"ob-is-breaking-bad elementor-section elementor-top-section elementor-element elementor-element-520d7ddb elementor-section-content-middle elementor-section-boxed elementor-section-height-default elementor-section-height-default\" data-id=\"520d7ddb\" data-element_type=\"section\" data-e-type=\"section\" data-settings=\"{&quot;background_background&quot;:&quot;classic&quot;,&quot;shape_divider_bottom&quot;:&quot;mountains&quot;,&quot;_ob_bbad_use_it&quot;:&quot;yes&quot;,&quot;_ob_bbad_sssic_use&quot;:&quot;no&quot;,&quot;_ob_glider_is_slider&quot;:&quot;no&quot;,&quot;_ha_eqh_enable&quot;:false}\">\n\t\t\t\t\t\t\t<div class=\"elementor-background-overlay\"><\/div>\n\t\t\t\t\t\t<div class=\"elementor-shape elementor-shape-bottom\" aria-hidden=\"true\" data-negative=\"false\">\n\t\t\t<svg xmlns=\"http:\/\/www.w3.org\/2000\/svg\" viewBox=\"0 0 1000 100\" preserveAspectRatio=\"none\">\n\t<path class=\"elementor-shape-fill\" opacity=\"0.33\" d=\"M473,67.3c-203.9,88.3-263.1-34-320.3,0C66,119.1,0,59.7,0,59.7V0h1000v59.7 c0,0-62.1,26.1-94.9,29.3c-32.8,3.3-62.8-12.3-75.8-22.1C806,49.6,745.3,8.7,694.9,4.7S492.4,59,473,67.3z\"\/>\n\t<path class=\"elementor-shape-fill\" opacity=\"0.66\" d=\"M734,67.3c-45.5,0-77.2-23.2-129.1-39.1c-28.6-8.7-150.3-10.1-254,39.1 s-91.7-34.4-149.2,0C115.7,118.3,0,39.8,0,39.8V0h1000v36.5c0,0-28.2-18.5-92.1-18.5C810.2,18.1,775.7,67.3,734,67.3z\"\/>\n\t<path class=\"elementor-shape-fill\" d=\"M766.1,28.9c-200-57.5-266,65.5-395.1,19.5C242,1.8,242,5.4,184.8,20.6C128,35.8,132.3,44.9,89.9,52.5C28.6,63.7,0,0,0,0 h1000c0,0-9.9,40.9-83.6,48.1S829.6,47,766.1,28.9z\"\/>\n<\/svg>\t\t<\/div>\n\t\t\t\t\t<div class=\"elementor-container elementor-column-gap-default\">\n\t\t\t\t\t<div class=\"elementor-column elementor-col-50 elementor-top-column elementor-element elementor-element-73fe8430\" data-id=\"73fe8430\" data-element_type=\"column\" data-e-type=\"column\" data-settings=\"{&quot;_ob_bbad_is_stalker&quot;:&quot;no&quot;}\">\n\t\t\t<div class=\"elementor-widget-wrap elementor-element-populated\">\n\t\t\t\t\t\t<div class=\"elementor-element elementor-element-2f52b30e elementor-widget__width-initial animated-slow elementor-invisible elementor-widget elementor-widget-heading\" data-id=\"2f52b30e\" data-element_type=\"widget\" data-e-type=\"widget\" data-settings=\"{&quot;_animation&quot;:&quot;fadeInDown&quot;,&quot;_animation_delay&quot;:700}\" data-widget_type=\"heading.default\">\n\t\t\t\t<div class=\"elementor-widget-container\">\n\t\t\t\t\t<h2 class=\"elementor-heading-title elementor-size-default\">Aviso de privacidad<\/h2>\t\t\t\t<\/div>\n\t\t\t\t<\/div>\n\t\t\t\t<div class=\"elementor-element elementor-element-27060b65 elementor-widget elementor-widget-spacer\" data-id=\"27060b65\" data-element_type=\"widget\" data-e-type=\"widget\" data-widget_type=\"spacer.default\">\n\t\t\t\t<div class=\"elementor-widget-container\">\n\t\t\t\t\t\t\t<div class=\"elementor-spacer\">\n\t\t\t<div class=\"elementor-spacer-inner\"><\/div>\n\t\t<\/div>\n\t\t\t\t\t\t<\/div>\n\t\t\t\t<\/div>\n\t\t\t\t\t<\/div>\n\t\t<\/div>\n\t\t\t\t<div class=\"elementor-column elementor-col-50 elementor-top-column elementor-element elementor-element-1f620a8c\" data-id=\"1f620a8c\" data-element_type=\"column\" data-e-type=\"column\" data-settings=\"{&quot;_ob_bbad_is_stalker&quot;:&quot;no&quot;}\">\n\t\t\t<div class=\"elementor-widget-wrap elementor-element-populated\">\n\t\t\t\t\t\t<div class=\"elementor-element elementor-element-8756d40 elementor-fixed elementor-invisible elementor-widget elementor-widget-image\" data-id=\"8756d40\" data-element_type=\"widget\" data-e-type=\"widget\" data-settings=\"{&quot;_position&quot;:&quot;fixed&quot;,&quot;_animation&quot;:&quot;fadeInUp&quot;}\" data-widget_type=\"image.default\">\n\t\t\t\t<div class=\"elementor-widget-container\">\n\t\t\t\t\t\t\t\t\t\t\t\t\t\t\t\t<a href=\"https:\/\/wa.me\/5215657198097\" target=\"_blank\">\n\t\t\t\t\t\t\t<img loading=\"lazy\" decoding=\"async\" width=\"400\" height=\"400\" src=\"https:\/\/gestacy.com\/wp-content\/uploads\/2025\/05\/whatsapp-icon-free-png.webp\" class=\"attachment-large size-large wp-image-6052\" alt=\"whatsapp icon free png\" srcset=\"https:\/\/gestacy.com\/wp-content\/uploads\/2025\/05\/whatsapp-icon-free-png.webp 400w, https:\/\/gestacy.com\/wp-content\/uploads\/2025\/05\/whatsapp-icon-free-png-300x300.webp 300w, https:\/\/gestacy.com\/wp-content\/uploads\/2025\/05\/whatsapp-icon-free-png-150x150.webp 150w\" sizes=\"auto, (max-width: 400px) 100vw, 400px\" \/>\t\t\t\t\t\t\t\t<\/a>\n\t\t\t\t\t\t\t\t\t\t\t\t\t\t\t<\/div>\n\t\t\t\t<\/div>\n\t\t\t\t\t<\/div>\n\t\t<\/div>\n\t\t\t\t\t<\/div>\n\t\t<\/section>\n\t\t\t\t<section class=\"ob-is-breaking-bad elementor-section elementor-top-section elementor-element elementor-element-06f515e elementor-section-boxed elementor-section-height-default elementor-section-height-default\" data-id=\"06f515e\" data-element_type=\"section\" data-e-type=\"section\" data-settings=\"{&quot;_ob_bbad_use_it&quot;:&quot;yes&quot;,&quot;_ob_bbad_sssic_use&quot;:&quot;no&quot;,&quot;_ob_glider_is_slider&quot;:&quot;no&quot;,&quot;_ha_eqh_enable&quot;:false}\">\n\t\t\t\t\t\t<div class=\"elementor-container elementor-column-gap-default\">\n\t\t\t\t\t<div class=\"elementor-column elementor-col-100 elementor-top-column elementor-element elementor-element-c906fdb\" data-id=\"c906fdb\" data-element_type=\"column\" data-e-type=\"column\" data-settings=\"{&quot;_ob_bbad_is_stalker&quot;:&quot;no&quot;}\">\n\t\t\t<div class=\"elementor-widget-wrap elementor-element-populated\">\n\t\t\t\t\t\t<div class=\"elementor-element elementor-element-3e6fe70 elementor-widget elementor-widget-text-editor\" data-id=\"3e6fe70\" data-element_type=\"widget\" data-e-type=\"widget\" data-widget_type=\"text-editor.default\">\n\t\t\t\t<div class=\"elementor-widget-container\">\n\t\t\t\t\t\t\t\t\t<p class=\"p1\"><b>T\u00e9rminos y Condiciones Generales<\/b><\/p><p class=\"p1\">En cumplimiento a lo dispuesto por la Ley de Privacidad del Consumidor de California (\u201cLey\u201d), Gestacy Agencia de Gestacion Subrogada (\u201cGestacy\u201d), con domicilio en <span class=\"s1\">500 La Terraza Blvd. STE 15, Escondido, California, Estados Unidos, C.P. 92025<\/span>; como responsable del uso y protecci\u00f3n de los datos personales tanto de los visitantes de nuestro portal de internet HYPERLINK &#8220;https:\/\/www.cibelesabogados.com\/&#8221;<span class=\"s2\">www.gestacy.com<\/span><span class=\"Apple-converted-space\">\u00a0 <\/span>(\u201cSitio Web\u00ab) as\u00ed como de cualesquiera otras personas que nos proporcionan informaci\u00f3n personal a trav\u00e9s del mismo u cualquier otro medio institucional de Gestacy con la finalidad de contratar los servicios de gestaci\u00f3n Gestacy (\u201cUsuario\u201d); se informa lo siguiente:<\/p><p class=\"p1\"><b>\u00bfCu\u00e1les datos personales recabamos del Usuario?<\/b><\/p><p class=\"p1\">Gestacy podr\u00e1 recabar los siguientes datos personales y datos personales sensibles:<\/p><p class=\"p3\">Datos de identificaci\u00f3n: nombre y apellidos, nacionalidad, fecha de nacimiento, lugar de nacimiento, lugar de residencia, domicilio, nivel de estudios, idioma, profesi\u00f3n y\/u ocupaci\u00f3n, datos financieros y patrimoniales, estado de salud mental y f\u00edsico, estado socioecon\u00f3mico, informaci\u00f3n gen\u00e9tica, preferencia sexual, firma aut\u00f3grafa, datos de identificaci\u00f3n oficial, nombres de familiares y amigos, correspondencia, etc.<\/p><p class=\"p3\">Datos de contacto. n\u00famero de celular y correo electr\u00f3nico.<\/p><p class=\"p1\"><b>\u00bfPara que fines ser\u00e1n tratados los datos personales del Usuario?<\/b><\/p><p class=\"p1\">De acuerdo con lo dispuesto en la Ley, el Usuario queda informado que todos los datos obtenidos como consecuencia de una solicitud de informaci\u00f3n a trav\u00e9s del Sitio Web, as\u00ed como los derivados de ejecuci\u00f3n de la relaci\u00f3n contractual que pueda llegar mantener con Gestacy, ser\u00e1n tratados por la misma, en su calidad de sujeto Responsable.<\/p><p class=\"p1\">Los datos personales del Usuario ser\u00e1n tratados para fines l\u00edcitos y para cumplir con las obligaciones previstas en el contrato de prestaci\u00f3n de servicios que para tal efecto Gestacy celebre con cada uno de los Usuarios.<\/p><p class=\"p1\">Siempre que el Usuario lo hubiera aceptado expl\u00edcita o impl\u00edcitamente, los datos recabados por Gestacy como resultado de la prestaci\u00f3n de sus Servicios, -distintos a los datos personales y personales sensibles del Usuario \u2013 ser\u00e1n tratados para fines mercadot\u00e9cnicos, estad\u00edsticos, publicidad, promocionales, informativos o de prospecci\u00f3n, encuestas de calidad, auditor\u00edas para mejora del servicio, para la realizaci\u00f3n de acciones de prevenci\u00f3n del fraude y para la elaboraci\u00f3n de modelos de predicci\u00f3n.<\/p><p class=\"p1\"><b>Periodo de tiempo de tratamiento de los datos personales del Usuario<\/b><\/p><p class=\"p1\"><span class=\"Apple-converted-space\">\u00a0 \u00a0 \u00a0 \u00a0 \u00a0 \u00a0 \u00a0 \u00a0 \u00a0 \u00a0 \u00a0 \u00a0 \u00a0 \u00a0 \u00a0 \u00a0 \u00a0 \u00a0 \u00a0 \u00a0 \u00a0 \u00a0 \u00a0 \u00a0 \u00a0 \u00a0 \u00a0 \u00a0 \u00a0 \u00a0 \u00a0 \u00a0 \u00a0 \u00a0 \u00a0 \u00a0 \u00a0 \u00a0 \u00a0 \u00a0 \u00a0 \u00a0 \u00a0 <\/span>Los datos personales del Usuario ser\u00e1n tratados durante el tiempo que sea necesario para cumplir con los fines para los que es contratado Gestacy y\/o mientras se mantenga vigente una relaci\u00f3n contractual entre el Usuario y Gestacy.<\/p><p class=\"p1\"><b>Consentimiento del Usuario y Revocaci\u00f3n del mismo.<\/b><\/p><p class=\"p1\">El Usuario consiente expresamente que al accesar al Sitio Web y proporcionar a Gestacy sus datos personales mediante cualquier v\u00eda institucional propiedad de Gestacy, o mediante la contrataci\u00f3n de bienes y servicios, Gestacy podr\u00e1 utilizar los datos personales recabados, para los fines descritos con antelaci\u00f3n.<\/p><p class=\"p1\">Se entender\u00e1 que el Usuario consiente t\u00e1citamente el tratamiento de sus datos personales, cuando habi\u00e9ndose puesto a su disposici\u00f3n el aviso de privacidad a trav\u00e9s del Sitio Web o de manera personal, no manifieste su oposici\u00f3n.<\/p><p class=\"p1\">El consentimiento otorgado por el Usuario podr\u00e1 ser revocado en cualquier momento sin que se le atribuyan efectos retroactivos.<\/p><p class=\"p1\"><b>Derechos de Acceso a la informaci\u00f3n<\/b><\/p><p class=\"p1\">El Usuario tiene derecho a conocer qu\u00e9 datos personales Gestacy posee, para qu\u00e9 los utiliza y las condiciones del uso que le da (Acceso). Asimismo, es su derecho solicitar la correcci\u00f3n de su informaci\u00f3n personal en caso de que est\u00e9 desactualizada, sea inexacta o incompleta (Rectificaci\u00f3n); que la eliminemos de nuestros registros o bases de datos cuando considere que la misma no est\u00e1 siendo utilizada adecuadamente (Cancelaci\u00f3n); as\u00ed como oponerse al uso de sus datos personales para fines espec\u00edficos (Oposici\u00f3n).<\/p><p class=\"p1\"><b>\u00bfCu\u00e1les son los medios que Gestacy ofrece al Usuario para ejercer los derechos acceso de acceso a la Informaci\u00f3n, o bien para limitar el uso o divulgaci\u00f3n de los datos personales recabados de conformidad con lo dispuesto en la Ley y, en su caso, la transferencia de datos que se efect\u00faen?<\/b><\/p><p class=\"p1\">Para el ejercicio de cualquiera de los derechos de acceso, rectificaci\u00f3n, cancelaci\u00f3n y, oposici\u00f3n, el Usuario y\/o titular de lo datos deber\u00e1 comunicarlo por escrito a Gestacy, enviando un correo electr\u00f3nico a info@gestacy.com, indicando sobre qu\u00e9 informaci\u00f3n o datos desea tener acceso, rectificar, cancelar u oponerse al uso adjuntando una fotocopia de identificaci\u00f3n oficial.<\/p><p class=\"p1\">Los datos de contacto de la persona o departamento de datos personales, que est\u00e1 a cargo de dar tr\u00e1mite a las solicitudes, son los siguientes:<\/p><p class=\"p1\">Nombre de la persona o departamento de datos personales: XXXXXXXX<\/p><p class=\"p5\"><span class=\"s3\">Domicilio: <\/span>500 La Terraza Blvd. STE 15, Escondido, California, Estados Unidos, C.P. 92025<span class=\"s3\">;<\/span><\/p><p class=\"p1\">Correo electr\u00f3nico: HYPERLINK &#8220;mailto:info@gestacy.com&#8221;<span class=\"s2\">info@gestacy.com<\/span><\/p><p class=\"p1\"><b>Procedimiento y medio por el cual Gestacy comunicar\u00e1 a los titulares de cambios al aviso de privacidad, de conformidad con lo previsto en esta Ley.<\/b><\/p><p class=\"p1\">El presente aviso de privacidad puede sufrir modificaciones, cambios o actualizaciones derivadas de nuevos requerimientos legales; de nuestras propias necesidades por los productos o servicios que Gestacy ofrece; de nuestras pr\u00e1cticas de privacidad; de cambios en nuestro modelo de negocio, o por otras causas.<\/p><p class=\"p1\">Gestacy se compromete a mantener al Usuario Informado sobre los cambios que pueda sufrir el presente aviso de privacidad, a trav\u00e9s de del Sitio Web, mediante simple publicaci\u00f3n de las nuevas disposiciones aplicables, siendo el usuario responsable de revisar el aviso legal peri\u00f3dicamente. El uso del sitio constituir\u00e1 la aceptaci\u00f3n del usuario, de las disposiciones aplicables al sitio ya sea que \u00e9stas se encuentren en el presente aviso de privacidad.<\/p><p class=\"p1\"><b>Jurisdicci\u00f3n<\/b><\/p><p class=\"p1\">Para la interpretaci\u00f3n, ejecuci\u00f3n y cumplimiento del presente aviso de privacidad, las partes est\u00e1n de acuerdo en someterse a la jurisdicci\u00f3n de los Tribunales competentes con sede en la Ciudad de Escondido, California, Estados Unidos de America renunciando expresamente a cualquier otro fuero que por sus domicilios presentes o futuros pudiera corresponderles.<\/p><p class=\"p1\"><b>Aceptaci\u00f3n del presente Aviso de Privacidad<\/b><\/p><p class=\"p1\">El usuario declara haber le\u00eddo y aceptar \u00edntegramente los presentes t\u00e9rminos y condiciones vigentes en el momento de acceder al Sitio Web y\/o usar los Servicios. Asimismo, el Usuario est\u00e1 de acuerdo en que es su obligaci\u00f3n estar al pendiente de las actualizaciones que tenga presente Aviso de Privacidad en t\u00e9rminos de Ley, mismas que en todo momento estar\u00e1n a disposici\u00f3n del Usuario a trav\u00e9s del Sitio Web.<\/p>\t\t\t\t\t\t\t\t<\/div>\n\t\t\t\t<\/div>\n\t\t\t\t\t<\/div>\n\t\t<\/div>\n\t\t\t\t\t<\/div>\n\t\t<\/section>\n\t\t\t\t<\/div>\n\t\t","protected":false},"excerpt":{"rendered":"<p>Aviso de privacidad T\u00e9rminos y Condiciones Generales En cumplimiento a lo dispuesto por la Ley de Privacidad del Consumidor de [&hellip;]<\/p>\n","protected":false},"author":1,"featured_media":0,"parent":0,"menu_order":0,"comment_status":"closed","ping_status":"closed","template":"elementor_header_footer","meta":{"content-type":"","site-sidebar-layout":"no-sidebar","site-content-layout":"","ast-site-content-layout":"full-width-container","site-content-style":"default","site-sidebar-style":"default","ast-global-header-display":"","ast-banner-title-visibility":"","ast-main-header-display":"","ast-hfb-above-header-display":"","ast-hfb-below-header-display":"","ast-hfb-mobile-header-display":"","site-post-title":"disabled","ast-breadcrumbs-content":"","ast-featured-img":"disabled","footer-sml-layout":"","ast-disable-related-posts":"","theme-transparent-header-meta":"","adv-header-id-meta":"","stick-header-meta":"","header-above-stick-meta":"","header-main-stick-meta":"","header-below-stick-meta":"","astra-migrate-meta-layouts":"default","ast-page-background-enabled":"default","ast-page-background-meta":{"desktop":{"background-color":"var(--ast-global-color-4)","background-image":"","background-repeat":"repeat","background-position":"center center","background-size":"auto","background-attachment":"scroll","background-type":"","background-media":"","overlay-type":"","overlay-color":"","overlay-opacity":"","overlay-gradient":""},"tablet":{"background-color":"","background-image":"","background-repeat":"repeat","background-position":"center center","background-size":"auto","background-attachment":"scroll","background-type":"","background-media":"","overlay-type":"","overlay-color":"","overlay-opacity":"","overlay-gradient":""},"mobile":{"background-color":"","background-image":"","background-repeat":"repeat","background-position":"center center","background-size":"auto","background-attachment":"scroll","background-type":"","background-media":"","overlay-type":"","overlay-color":"","overlay-opacity":"","overlay-gradient":""}},"ast-content-background-meta":{"desktop":{"background-color":"var(--ast-global-color-5)","background-image":"","background-repeat":"repeat","background-position":"center center","background-size":"auto","background-attachment":"scroll","background-type":"","background-media":"","overlay-type":"","overlay-color":"","overlay-opacity":"","overlay-gradient":""},"tablet":{"background-color":"var(--ast-global-color-5)","background-image":"","background-repeat":"repeat","background-position":"center center","background-size":"auto","background-attachment":"scroll","background-type":"","background-media":"","overlay-type":"","overlay-color":"","overlay-opacity":"","overlay-gradient":""},"mobile":{"background-color":"var(--ast-global-color-5)","background-image":"","background-repeat":"repeat","background-position":"center center","background-size":"auto","background-attachment":"scroll","background-type":"","background-media":"","overlay-type":"","overlay-color":"","overlay-opacity":"","overlay-gradient":""}},"footnotes":""},"class_list":["post-3021","page","type-page","status-publish","hentry"],"yoast_head":"<!-- This site is optimized with the Yoast SEO Premium plugin v24.9 (Yoast SEO v27.3) - https:\/\/yoast.com\/product\/yoast-seo-premium-wordpress\/ -->\n<title>AVISO DE PRIVACIDAD - Gestacy<\/title>\n<meta name=\"robots\" content=\"noindex, nofollow\" \/>\n<meta property=\"og:locale\" content=\"es_ES\" \/>\n<meta property=\"og:type\" content=\"article\" \/>\n<meta property=\"og:title\" content=\"AVISO DE PRIVACIDAD\" \/>\n<meta property=\"og:description\" content=\"Aviso de privacidad T\u00e9rminos y Condiciones Generales En cumplimiento a lo dispuesto por la Ley de Privacidad del Consumidor de [&hellip;]\" \/>\n<meta property=\"og:url\" content=\"https:\/\/gestacy.com\/es\/aviso-de-privacidad\/\" \/>\n<meta property=\"og:site_name\" content=\"Gestacy\" \/>\n<meta property=\"article:modified_time\" content=\"2025-05-13T14:44:11+00:00\" \/>\n<meta property=\"og:image\" content=\"https:\/\/gestacy.com\/wp-content\/uploads\/2025\/05\/whatsapp-icon-free-png.webp\" \/>\n\t<meta property=\"og:image:width\" content=\"400\" \/>\n\t<meta property=\"og:image:height\" content=\"400\" \/>\n\t<meta property=\"og:image:type\" content=\"image\/webp\" \/>\n<meta name=\"twitter:card\" content=\"summary_large_image\" \/>\n<meta name=\"twitter:label1\" content=\"Est. reading time\" \/>\n\t<meta name=\"twitter:data1\" content=\"6 minutes\" \/>\n<script type=\"application\/ld+json\" class=\"yoast-schema-graph\">{\"@context\":\"https:\\\/\\\/schema.org\",\"@graph\":[{\"@type\":\"WebPage\",\"@id\":\"https:\\\/\\\/gestacy.com\\\/es\\\/aviso-de-privacidad\\\/\",\"url\":\"https:\\\/\\\/gestacy.com\\\/es\\\/aviso-de-privacidad\\\/\",\"name\":\"AVISO DE PRIVACIDAD - Gestacy\",\"isPartOf\":{\"@id\":\"https:\\\/\\\/gestacy.com\\\/es\\\/#website\"},\"primaryImageOfPage\":{\"@id\":\"https:\\\/\\\/gestacy.com\\\/es\\\/aviso-de-privacidad\\\/#primaryimage\"},\"image\":{\"@id\":\"https:\\\/\\\/gestacy.com\\\/es\\\/aviso-de-privacidad\\\/#primaryimage\"},\"thumbnailUrl\":\"https:\\\/\\\/gestacy.com\\\/wp-content\\\/uploads\\\/2025\\\/05\\\/whatsapp-icon-free-png.webp\",\"datePublished\":\"2024-12-29T12:40:40+00:00\",\"dateModified\":\"2025-05-13T14:44:11+00:00\",\"breadcrumb\":{\"@id\":\"https:\\\/\\\/gestacy.com\\\/es\\\/aviso-de-privacidad\\\/#breadcrumb\"},\"inLanguage\":\"es-MX\",\"potentialAction\":[{\"@type\":\"ReadAction\",\"target\":[\"https:\\\/\\\/gestacy.com\\\/es\\\/aviso-de-privacidad\\\/\"]}]},{\"@type\":\"ImageObject\",\"inLanguage\":\"es-MX\",\"@id\":\"https:\\\/\\\/gestacy.com\\\/es\\\/aviso-de-privacidad\\\/#primaryimage\",\"url\":\"https:\\\/\\\/gestacy.com\\\/wp-content\\\/uploads\\\/2025\\\/05\\\/whatsapp-icon-free-png.webp\",\"contentUrl\":\"https:\\\/\\\/gestacy.com\\\/wp-content\\\/uploads\\\/2025\\\/05\\\/whatsapp-icon-free-png.webp\"},{\"@type\":\"BreadcrumbList\",\"@id\":\"https:\\\/\\\/gestacy.com\\\/es\\\/aviso-de-privacidad\\\/#breadcrumb\",\"itemListElement\":[{\"@type\":\"ListItem\",\"position\":1,\"name\":\"Home\",\"item\":\"https:\\\/\\\/gestacy.com\\\/es\\\/\"},{\"@type\":\"ListItem\",\"position\":2,\"name\":\"AVISO DE PRIVACIDAD\"}]},{\"@type\":\"WebSite\",\"@id\":\"https:\\\/\\\/gestacy.com\\\/es\\\/#website\",\"url\":\"https:\\\/\\\/gestacy.com\\\/es\\\/\",\"name\":\"Gestacy\",\"description\":\"\",\"publisher\":{\"@id\":\"https:\\\/\\\/gestacy.com\\\/es\\\/#organization\"},\"potentialAction\":[{\"@type\":\"SearchAction\",\"target\":{\"@type\":\"EntryPoint\",\"urlTemplate\":\"https:\\\/\\\/gestacy.com\\\/es\\\/?s={search_term_string}\"},\"query-input\":{\"@type\":\"PropertyValueSpecification\",\"valueRequired\":true,\"valueName\":\"search_term_string\"}}],\"inLanguage\":\"es-MX\"},{\"@type\":\"Organization\",\"@id\":\"https:\\\/\\\/gestacy.com\\\/es\\\/#organization\",\"name\":\"Gestacy\",\"url\":\"https:\\\/\\\/gestacy.com\\\/es\\\/\",\"logo\":{\"@type\":\"ImageObject\",\"inLanguage\":\"es-MX\",\"@id\":\"https:\\\/\\\/gestacy.com\\\/es\\\/#\\\/schema\\\/logo\\\/image\\\/\",\"url\":\"https:\\\/\\\/gestacy.com\\\/wp-content\\\/uploads\\\/2024\\\/10\\\/Gestacy_logo_01.svg\",\"contentUrl\":\"https:\\\/\\\/gestacy.com\\\/wp-content\\\/uploads\\\/2024\\\/10\\\/Gestacy_logo_01.svg\",\"width\":193,\"height\":65,\"caption\":\"Gestacy\"},\"image\":{\"@id\":\"https:\\\/\\\/gestacy.com\\\/es\\\/#\\\/schema\\\/logo\\\/image\\\/\"}}]}<\/script>\n<!-- \/ Yoast SEO Premium plugin. -->","yoast_head_json":{"title":"AVISO DE PRIVACIDAD - Gestacy","robots":{"index":"noindex","follow":"nofollow"},"og_locale":"es_ES","og_type":"article","og_title":"AVISO DE PRIVACIDAD","og_description":"Aviso de privacidad T\u00e9rminos y Condiciones Generales En cumplimiento a lo dispuesto por la Ley de Privacidad del Consumidor de [&hellip;]","og_url":"https:\/\/gestacy.com\/es\/aviso-de-privacidad\/","og_site_name":"Gestacy","article_modified_time":"2025-05-13T14:44:11+00:00","og_image":[{"width":400,"height":400,"url":"https:\/\/gestacy.com\/wp-content\/uploads\/2025\/05\/whatsapp-icon-free-png.webp","type":"image\/webp"}],"twitter_card":"summary_large_image","twitter_misc":{"Est. reading time":"6 minutes"},"schema":{"@context":"https:\/\/schema.org","@graph":[{"@type":"WebPage","@id":"https:\/\/gestacy.com\/es\/aviso-de-privacidad\/","url":"https:\/\/gestacy.com\/es\/aviso-de-privacidad\/","name":"AVISO DE PRIVACIDAD - Gestacy","isPartOf":{"@id":"https:\/\/gestacy.com\/es\/#website"},"primaryImageOfPage":{"@id":"https:\/\/gestacy.com\/es\/aviso-de-privacidad\/#primaryimage"},"image":{"@id":"https:\/\/gestacy.com\/es\/aviso-de-privacidad\/#primaryimage"},"thumbnailUrl":"https:\/\/gestacy.com\/wp-content\/uploads\/2025\/05\/whatsapp-icon-free-png.webp","datePublished":"2024-12-29T12:40:40+00:00","dateModified":"2025-05-13T14:44:11+00:00","breadcrumb":{"@id":"https:\/\/gestacy.com\/es\/aviso-de-privacidad\/#breadcrumb"},"inLanguage":"es-MX","potentialAction":[{"@type":"ReadAction","target":["https:\/\/gestacy.com\/es\/aviso-de-privacidad\/"]}]},{"@type":"ImageObject","inLanguage":"es-MX","@id":"https:\/\/gestacy.com\/es\/aviso-de-privacidad\/#primaryimage","url":"https:\/\/gestacy.com\/wp-content\/uploads\/2025\/05\/whatsapp-icon-free-png.webp","contentUrl":"https:\/\/gestacy.com\/wp-content\/uploads\/2025\/05\/whatsapp-icon-free-png.webp"},{"@type":"BreadcrumbList","@id":"https:\/\/gestacy.com\/es\/aviso-de-privacidad\/#breadcrumb","itemListElement":[{"@type":"ListItem","position":1,"name":"Home","item":"https:\/\/gestacy.com\/es\/"},{"@type":"ListItem","position":2,"name":"AVISO DE PRIVACIDAD"}]},{"@type":"WebSite","@id":"https:\/\/gestacy.com\/es\/#website","url":"https:\/\/gestacy.com\/es\/","name":"Gestacy","description":"","publisher":{"@id":"https:\/\/gestacy.com\/es\/#organization"},"potentialAction":[{"@type":"SearchAction","target":{"@type":"EntryPoint","urlTemplate":"https:\/\/gestacy.com\/es\/?s={search_term_string}"},"query-input":{"@type":"PropertyValueSpecification","valueRequired":true,"valueName":"search_term_string"}}],"inLanguage":"es-MX"},{"@type":"Organization","@id":"https:\/\/gestacy.com\/es\/#organization","name":"Gestacy","url":"https:\/\/gestacy.com\/es\/","logo":{"@type":"ImageObject","inLanguage":"es-MX","@id":"https:\/\/gestacy.com\/es\/#\/schema\/logo\/image\/","url":"https:\/\/gestacy.com\/wp-content\/uploads\/2024\/10\/Gestacy_logo_01.svg","contentUrl":"https:\/\/gestacy.com\/wp-content\/uploads\/2024\/10\/Gestacy_logo_01.svg","width":193,"height":65,"caption":"Gestacy"},"image":{"@id":"https:\/\/gestacy.com\/es\/#\/schema\/logo\/image\/"}}]}},"_links":{"self":[{"href":"https:\/\/gestacy.com\/es\/wp-json\/wp\/v2\/pages\/3021","targetHints":{"allow":["GET"]}}],"collection":[{"href":"https:\/\/gestacy.com\/es\/wp-json\/wp\/v2\/pages"}],"about":[{"href":"https:\/\/gestacy.com\/es\/wp-json\/wp\/v2\/types\/page"}],"author":[{"embeddable":true,"href":"https:\/\/gestacy.com\/es\/wp-json\/wp\/v2\/users\/1"}],"replies":[{"embeddable":true,"href":"https:\/\/gestacy.com\/es\/wp-json\/wp\/v2\/comments?post=3021"}],"version-history":[{"count":0,"href":"https:\/\/gestacy.com\/es\/wp-json\/wp\/v2\/pages\/3021\/revisions"}],"wp:attachment":[{"href":"https:\/\/gestacy.com\/es\/wp-json\/wp\/v2\/media?parent=3021"}],"curies":[{"name":"wp","href":"https:\/\/api.w.org\/{rel}","templated":true}]}}